{"id":316,"date":"2016-05-29T08:17:51","date_gmt":"2016-05-29T07:17:51","guid":{"rendered":"http:\/\/quelaines-stemarie.fr\/?page_id=316"},"modified":"2025-03-02T12:00:24","modified_gmt":"2025-03-02T11:00:24","slug":"le-bureau-conseil-dadministration","status":"publish","type":"page","link":"http:\/\/quelaines-stemarie.fr\/index.php\/apel\/le-bureau-conseil-dadministration\/","title":{"rendered":"Actualit\u00e9s APEL"},"content":{"rendered":"<p><b>Le Bureau<\/b><\/p>\n<ul>\n<li><em><b>Pr\u00e9sidente : <\/b>Magalie RICHARD<\/em><\/li>\n<li><em><b>Vice pr\u00e9sidente: <\/b>Vanessa ROBIN<\/em><\/li>\n<li><em><b>Secr\u00e9taire : <\/b>Doroth\u00e9e M\u00c9TAYER<\/em><\/li>\n<li><em><b>Secr\u00e9taire adjoint : <\/b>Christophe EMERY<\/em><\/li>\n<li><em><b>Tr\u00e9sori\u00e8re : <\/b>Elodie HEUVELINE<\/em><\/li>\n<\/ul>\n<p><b>Les Membres<\/b><strong> du conseil d\u2019administration<\/strong> <b>:<\/b><\/p>\n<p>Christophe GUILLAUME, Carole CLAVREUL, Typhaine BAZIN, Delphine LESAGE, Virginie CHEVREAU, Priscilla PIPELIER, Virginie POTTIER, Harmonie FORGET, Emilie LEMESLE et G\u00e9raldine MOLLIER.<\/p>\n","protected":false},"excerpt":{"rendered":"<p>Le Bureau Pr\u00e9sidente : Magalie RICHARD Vice pr\u00e9sidente: Vanessa ROBIN Secr\u00e9taire : Doroth\u00e9e M\u00c9TAYER Secr\u00e9taire adjoint : Christophe EMERY Tr\u00e9sori\u00e8re : Elodie HEUVELINE Les Membres du conseil d\u2019administration : Christophe GUILLAUME, Carole CLAVREUL, Typhaine BAZIN, Delphine LESAGE, Virginie CHEVREAU, Priscilla PIPELIER, Virginie POTTIER, Harmonie FORGET, Emilie LEMESLE et G\u00e9raldine MOLLIER.<\/p>\n<p class=\"continue-reading-button\"> <a class=\"continue-reading-link\" href=\"http:\/\/quelaines-stemarie.fr\/index.php\/apel\/le-bureau-conseil-dadministration\/\">Lire la suite&#8230;<i class=\"crycon-right-dir\"><\/i><\/a><\/p>\n","protected":false},"author":8,"featured_media":0,"parent":14,"menu_order":0,"comment_status":"closed","ping_status":"closed","template":"","meta":{"footnotes":""},"class_list":["post-316","page","type-page","status-publish","hentry"],"_links":{"self":[{"href":"http:\/\/quelaines-stemarie.fr\/index.php\/wp-json\/wp\/v2\/pages\/316","targetHints":{"allow":["GET"]}}],"collection":[{"href":"http:\/\/quelaines-stemarie.fr\/index.php\/wp-json\/wp\/v2\/pages"}],"about":[{"href":"http:\/\/quelaines-stemarie.fr\/index.php\/wp-json\/wp\/v2\/types\/page"}],"author":[{"embeddable":true,"href":"http:\/\/quelaines-stemarie.fr\/index.php\/wp-json\/wp\/v2\/users\/8"}],"replies":[{"embeddable":true,"href":"http:\/\/quelaines-stemarie.fr\/index.php\/wp-json\/wp\/v2\/comments?post=316"}],"version-history":[{"count":9,"href":"http:\/\/quelaines-stemarie.fr\/index.php\/wp-json\/wp\/v2\/pages\/316\/revisions"}],"predecessor-version":[{"id":11237,"href":"http:\/\/quelaines-stemarie.fr\/index.php\/wp-json\/wp\/v2\/pages\/316\/revisions\/11237"}],"up":[{"embeddable":true,"href":"http:\/\/quelaines-stemarie.fr\/index.php\/wp-json\/wp\/v2\/pages\/14"}],"wp:attachment":[{"href":"http:\/\/quelaines-stemarie.fr\/index.php\/wp-json\/wp\/v2\/media?parent=316"}],"curies":[{"name":"wp","href":"https:\/\/api.w.org\/{rel}","templated":true}]}}